{"id":1217,"date":"2025-09-29T03:07:18","date_gmt":"2025-09-29T03:07:18","guid":{"rendered":"https:\/\/www.diagrams-ai.com\/es\/?page_id=1217"},"modified":"2025-10-03T01:44:50","modified_gmt":"2025-10-03T01:44:50","slug":"blog","status":"publish","type":"page","link":"https:\/\/www.diagrams-ai.com\/es\/blog\/","title":{"rendered":"Blog"},"content":{"rendered":"\t\t<div data-elementor-type=\"wp-page\" data-elementor-id=\"1217\" class=\"elementor elementor-1217\">\n\t\t\t\t<div class=\"elementor-element elementor-element-cee9c1e e-flex e-con-boxed wpr-particle-no wpr-jarallax-no wpr-parallax-no wpr-sticky-section-no e-con e-parent\" data-id=\"cee9c1e\" data-element_type=\"container\">\n\t\t\t\t\t<div class=\"e-con-inner\">\n\t\t<div class=\"elementor-element elementor-element-18bcf4c e-con-full e-flex wpr-particle-no wpr-jarallax-no wpr-parallax-no wpr-sticky-section-no e-con e-child\" data-id=\"18bcf4c\" data-element_type=\"container\">\n\t\t\t\t<div class=\"elementor-element elementor-element-7660b5f elementor-widget elementor-widget-frel-categories\" data-id=\"7660b5f\" data-element_type=\"widget\" data-widget_type=\"frel-categories.default\">\n\t\t\t\t<div class=\"elementor-widget-container\">\n\t\t\t\t\t<div class=\"fn_cs_cats_list\" data-color=\"\"><div class=\"container\"><div class=\"cats_list\"><ul><li><div class=\"item\"><div class=\"img_holder\" data-bg-img=\"\"><a href=\"https:\/\/www.diagrams-ai.com\/es\/category\/agile\/\" aria-label=\"\/\"><\/a><\/div><div class=\"title_holder\"><h3 class=\"name\"><a href=\"https:\/\/www.diagrams-ai.com\/es\/category\/agile\/\">Agile<\/a><\/h3><p class=\"count\">30 Articles<\/p><\/div><\/div><\/li><li><div class=\"item\"><div class=\"img_holder\" data-bg-img=\"\"><a href=\"https:\/\/www.diagrams-ai.com\/es\/category\/ai-and-innovation\/\" aria-label=\"\/\"><\/a><\/div><div class=\"title_holder\"><h3 class=\"name\"><a href=\"https:\/\/www.diagrams-ai.com\/es\/category\/ai-and-innovation\/\">AI &amp; Innovation<\/a><\/h3><p class=\"count\">13 Articles<\/p><\/div><\/div><\/li><li><div class=\"item\"><div class=\"img_holder\" data-bg-img=\"\"><a href=\"https:\/\/www.diagrams-ai.com\/es\/category\/ai-powered-modeling\/\" aria-label=\"\/\"><\/a><\/div><div class=\"title_holder\"><h3 class=\"name\"><a href=\"https:\/\/www.diagrams-ai.com\/es\/category\/ai-powered-modeling\/\">AI-Powered Modeling<\/a><\/h3><p class=\"count\">103 Articles<\/p><\/div><\/div><\/li><li><div class=\"item\"><div class=\"img_holder\" data-bg-img=\"\"><a href=\"https:\/\/www.diagrams-ai.com\/es\/category\/archimate\/\" aria-label=\"\/\"><\/a><\/div><div class=\"title_holder\"><h3 class=\"name\"><a href=\"https:\/\/www.diagrams-ai.com\/es\/category\/archimate\/\">ArchiMate<\/a><\/h3><p class=\"count\">3 Articles<\/p><\/div><\/div><\/li><li><div class=\"item\"><div class=\"img_holder\" data-bg-img=\"\"><a href=\"https:\/\/www.diagrams-ai.com\/es\/category\/business-and-strategic-frameworks\/\" aria-label=\"\/\"><\/a><\/div><div class=\"title_holder\"><h3 class=\"name\"><a href=\"https:\/\/www.diagrams-ai.com\/es\/category\/business-and-strategic-frameworks\/\">Business &amp; Strategic Frameworks<\/a><\/h3><p class=\"count\">191 Articles<\/p><\/div><\/div><\/li><li><div class=\"item\"><div class=\"img_holder\" data-bg-img=\"\"><a href=\"https:\/\/www.diagrams-ai.com\/es\/category\/c4-model\/\" aria-label=\"\/\"><\/a><\/div><div class=\"title_holder\"><h3 class=\"name\"><a href=\"https:\/\/www.diagrams-ai.com\/es\/category\/c4-model\/\">C4 Model<\/a><\/h3><p class=\"count\">54 Articles<\/p><\/div><\/div><\/li><li><div class=\"item\"><div class=\"img_holder\" data-bg-img=\"\"><a href=\"https:\/\/www.diagrams-ai.com\/es\/category\/dfd\/\" aria-label=\"\/\"><\/a><\/div><div class=\"title_holder\"><h3 class=\"name\"><a href=\"https:\/\/www.diagrams-ai.com\/es\/category\/dfd\/\">DFD<\/a><\/h3><p class=\"count\">29 Articles<\/p><\/div><\/div><\/li><li><div class=\"item\"><div class=\"img_holder\" data-bg-img=\"\"><a href=\"https:\/\/www.diagrams-ai.com\/es\/category\/enterprise-architecture\/\" aria-label=\"\/\"><\/a><\/div><div class=\"title_holder\"><h3 class=\"name\"><a href=\"https:\/\/www.diagrams-ai.com\/es\/category\/enterprise-architecture\/\">Enterprise Architecture<\/a><\/h3><p class=\"count\">70 Articles<\/p><\/div><\/div><\/li><li><div class=\"item\"><div class=\"img_holder\" data-bg-img=\"\"><a href=\"https:\/\/www.diagrams-ai.com\/es\/category\/example\/\" aria-label=\"\/\"><\/a><\/div><div class=\"title_holder\"><h3 class=\"name\"><a href=\"https:\/\/www.diagrams-ai.com\/es\/category\/example\/\">Example<\/a><\/h3><p class=\"count\">58 Articles<\/p><\/div><\/div><\/li><li><div class=\"item\"><div class=\"img_holder\" data-bg-img=\"\"><a href=\"https:\/\/www.diagrams-ai.com\/es\/category\/strategic-analysis\/\" aria-label=\"\/\"><\/a><\/div><div class=\"title_holder\"><h3 class=\"name\"><a href=\"https:\/\/www.diagrams-ai.com\/es\/category\/strategic-analysis\/\">Strategic Analysis<\/a><\/h3><p class=\"count\">29 Articles<\/p><\/div><\/div><\/li><li><div class=\"item\"><div class=\"img_holder\" data-bg-img=\"\"><a href=\"https:\/\/www.diagrams-ai.com\/es\/category\/sysml\/\" aria-label=\"\/\"><\/a><\/div><div class=\"title_holder\"><h3 class=\"name\"><a href=\"https:\/\/www.diagrams-ai.com\/es\/category\/sysml\/\">SysML<\/a><\/h3><p class=\"count\">30 Articles<\/p><\/div><\/div><\/li><li><div class=\"item\"><div class=\"img_holder\" data-bg-img=\"\"><a href=\"https:\/\/www.diagrams-ai.com\/es\/category\/togaf-adm\/\" aria-label=\"\/\"><\/a><\/div><div class=\"title_holder\"><h3 class=\"name\"><a href=\"https:\/\/www.diagrams-ai.com\/es\/category\/togaf-adm\/\">TOGAF ADM<\/a><\/h3><p class=\"count\">5 Articles<\/p><\/div><\/div><\/li><li><div class=\"item\"><div class=\"img_holder\" data-bg-img=\"\"><a href=\"https:\/\/www.diagrams-ai.com\/es\/category\/uml\/\" aria-label=\"\/\"><\/a><\/div><div class=\"title_holder\"><h3 class=\"name\"><a href=\"https:\/\/www.diagrams-ai.com\/es\/category\/uml\/\">UML<\/a><\/h3><p class=\"count\">212 Articles<\/p><\/div><\/div><\/li><li><div class=\"item\"><div class=\"img_holder\" data-bg-img=\"\"><a href=\"https:\/\/www.diagrams-ai.com\/es\/category\/uncategorized\/\" aria-label=\"\/\"><\/a><\/div><div class=\"title_holder\"><h3 class=\"name\"><a href=\"https:\/\/www.diagrams-ai.com\/es\/category\/uncategorized\/\">Uncategorized<\/a><\/h3><p class=\"count\">26 Articles<\/p><\/div><\/div><\/li><li><div class=\"item\"><div class=\"img_holder\" data-bg-img=\"\"><a href=\"https:\/\/www.diagrams-ai.com\/es\/category\/visual-paradigm\/\" aria-label=\"\/\"><\/a><\/div><div class=\"title_holder\"><h3 class=\"name\"><a href=\"https:\/\/www.diagrams-ai.com\/es\/category\/visual-paradigm\/\">Visual Paradigm<\/a><\/h3><p class=\"count\">2 Articles<\/p><\/div><\/div><\/li><\/ul><\/div><\/div><\/div>\t\t\t\t<\/div>\n\t\t\t\t<\/div>\n\t\t\t\t<\/div>\n\t\t<div class=\"elementor-element elementor-element-95ce988 e-con-full e-flex wpr-particle-no wpr-jarallax-no wpr-parallax-no wpr-sticky-section-no e-con e-child\" data-id=\"95ce988\" data-element_type=\"container\">\n\t\t\t\t<div class=\"elementor-element elementor-element-470dbd4 elementor-widget elementor-widget-frel-posts\" data-id=\"470dbd4\" data-element_type=\"widget\" data-widget_type=\"frel-posts.default\">\n\t\t\t\t<div class=\"elementor-widget-container\">\n\t\t\t\t\t<div class=\"fn__w_posts\" data-hlight-color=\"\" data-readmore-color=\"default\"><div class=\"fn__widget_posts_alpha\" data-title-size=\"m\" data-color=\"\" data-layout=\"classic\" data-border=\"disabled\" data-img-pos=\"left\" data-text-pos=\"left\"><div class=\"fn__widget_filter_content\"><ul class=\"first_item alpha_items active\"><li class=\"alpha_item\"><div class=\"alpha__item\"><div class=\"img_holder\"><div class=\"item_img\"><a href=\"https:\/\/www.diagrams-ai.com\/es\/how-to-model-constraints-in-uml-complete-learning-guide\/\"  aria-label=\"\u00bfC\u00f3mo modelar restricciones en UML? [Gu\u00eda completa de aprendizaje]\"><img loading=\"lazy\" decoding=\"async\" alt=\"\u00bfC\u00f3mo modelar restricciones en UML? [Gu\u00eda completa de aprendizaje]\" title=\"\u00bfC\u00f3mo modelar restricciones en UML? [Gu\u00eda completa de aprendizaje]\" width=\"150\" height=\"150\" src=\"https:\/\/www.diagrams-ai.com\/es\/wp-content\/uploads\/sites\/5\/2026\/04\/uml-constraint-example-150x150.png\" class=\"attachment-thumbnail size-thumbnail wp-post-image\" alt=\"\u00bfC\u00f3mo modelar restricciones en UML? [Gu\u00eda completa de aprendizaje]\" title=\"\u00bfC\u00f3mo modelar restricciones en UML? [Gu\u00eda completa de aprendizaje]\" loading=\"lazy\" srcset=\"https:\/\/www.diagrams-ai.com\/es\/wp-content\/uploads\/sites\/5\/2026\/04\/uml-constraint-example-150x150.png 150w, https:\/\/www.diagrams-ai.com\/es\/wp-content\/uploads\/sites\/5\/2026\/04\/uml-constraint-example-300x300.png 300w\" sizes=\"auto, (max-width: 150px) 100vw, 150px\" \/><\/a><\/div><\/div><div class=\"title_holder\"><div class=\"fn__meta\"><p><a class=\" fn_last_category\" href=\" https:\/\/www.diagrams-ai.com\/es\/category\/ai-and-innovation\/\">AI &amp; Innovation<\/a><span class=\"meta_sep\"><\/span><span class=\"meta_item meta_date\" title=\"abril 1, 2026\">1 month ago<span class=\"meta_sep\"><\/span><\/span><\/p><\/div><h3 class=\"post_title\"><a href=\"https:\/\/www.diagrams-ai.com\/es\/how-to-model-constraints-in-uml-complete-learning-guide\/\">\u00bfC\u00f3mo modelar restricciones en UML? [Gu\u00eda completa de aprendizaje]<\/a><\/h3><\/div><\/div><\/li><li class=\"alpha_item\"><div class=\"alpha__item\"><div class=\"img_holder\"><div class=\"item_img\"><a href=\"https:\/\/www.diagrams-ai.com\/es\/agile-metrics-that-matter-measuring-success\/\"  aria-label=\"M\u00e9tricas \u00c1giles que Importan: Medir el \u00c9xito Sin N\u00fameros Enga\u00f1osos\"><img loading=\"lazy\" decoding=\"async\" width=\"150\" height=\"150\" src=\"https:\/\/www.diagrams-ai.com\/es\/wp-content\/uploads\/sites\/5\/2026\/03\/agile-metrics-infographic-value-over-vanity-16x9-1-150x150.jpg\" class=\"attachment-thumbnail size-thumbnail wp-post-image\" alt=\"M\u00e9tricas \u00c1giles que Importan: Medir el \u00c9xito Sin N\u00fameros Enga\u00f1osos\" title=\"M\u00e9tricas \u00c1giles que Importan: Medir el \u00c9xito Sin N\u00fameros Enga\u00f1osos\" loading=\"lazy\" srcset=\"https:\/\/www.diagrams-ai.com\/es\/wp-content\/uploads\/sites\/5\/2026\/03\/agile-metrics-infographic-value-over-vanity-16x9-1-150x150.jpg 150w, https:\/\/www.diagrams-ai.com\/es\/wp-content\/uploads\/sites\/5\/2026\/03\/agile-metrics-infographic-value-over-vanity-16x9-1-700x700.jpg 700w, https:\/\/www.diagrams-ai.com\/es\/wp-content\/uploads\/sites\/5\/2026\/03\/agile-metrics-infographic-value-over-vanity-16x9-1-300x300.jpg 300w\" sizes=\"auto, (max-width: 150px) 100vw, 150px\" \/><\/a><\/div><\/div><div class=\"title_holder\"><div class=\"fn__meta\"><p><a class=\" fn_last_category\" href=\" https:\/\/www.diagrams-ai.com\/es\/category\/agile\/\">Agile<\/a><span class=\"meta_sep\"><\/span><span class=\"meta_item meta_date\" title=\"marzo 29, 2026\">1 month ago<span class=\"meta_sep\"><\/span><\/span><\/p><\/div><h3 class=\"post_title\"><a href=\"https:\/\/www.diagrams-ai.com\/es\/agile-metrics-that-matter-measuring-success\/\">M\u00e9tricas \u00c1giles que Importan: Medir el \u00c9xito Sin N\u00fameros Enga\u00f1osos<\/a><\/h3><\/div><\/div><\/li><li class=\"alpha_item\"><div class=\"alpha__item\"><div class=\"img_holder\"><div class=\"item_img\"><a href=\"https:\/\/www.diagrams-ai.com\/es\/agile-quick-start-week-1-scrum-roadmap\/\"  aria-label=\"Inicio r\u00e1pido con Agile: Tu mapa de ruta para la primera semana para convertirte en un desarrollador listo para Scrum\"><img loading=\"lazy\" decoding=\"async\" width=\"150\" height=\"150\" src=\"https:\/\/www.diagrams-ai.com\/es\/wp-content\/uploads\/sites\/5\/2026\/03\/agile-scrum-first-week-roadmap-kawaii-infographic-150x150.jpg\" class=\"attachment-thumbnail size-thumbnail wp-post-image\" alt=\"Inicio r\u00e1pido con Agile: Tu mapa de ruta para la primera semana para convertirte en un desarrollador listo para Scrum\" title=\"Inicio r\u00e1pido con Agile: Tu mapa de ruta para la primera semana para convertirte en un desarrollador listo para Scrum\" loading=\"lazy\" srcset=\"https:\/\/www.diagrams-ai.com\/es\/wp-content\/uploads\/sites\/5\/2026\/03\/agile-scrum-first-week-roadmap-kawaii-infographic-150x150.jpg 150w, https:\/\/www.diagrams-ai.com\/es\/wp-content\/uploads\/sites\/5\/2026\/03\/agile-scrum-first-week-roadmap-kawaii-infographic-700x700.jpg 700w, https:\/\/www.diagrams-ai.com\/es\/wp-content\/uploads\/sites\/5\/2026\/03\/agile-scrum-first-week-roadmap-kawaii-infographic-300x300.jpg 300w\" sizes=\"auto, (max-width: 150px) 100vw, 150px\" \/><\/a><\/div><\/div><div class=\"title_holder\"><div class=\"fn__meta\"><p><a class=\" fn_last_category\" href=\" https:\/\/www.diagrams-ai.com\/es\/category\/agile\/\">Agile<\/a><span class=\"meta_sep\"><\/span><span class=\"meta_item meta_date\" title=\"marzo 29, 2026\">1 month ago<span class=\"meta_sep\"><\/span><\/span><\/p><\/div><h3 class=\"post_title\"><a href=\"https:\/\/www.diagrams-ai.com\/es\/agile-quick-start-week-1-scrum-roadmap\/\">Inicio r\u00e1pido con Agile: Tu mapa de ruta para la primera semana para convertirte en un desarrollador listo para Scrum<\/a><\/h3><\/div><\/div><\/li><li class=\"alpha_item\"><div class=\"alpha__item\"><div class=\"img_holder\"><div class=\"item_img\"><a href=\"https:\/\/www.diagrams-ai.com\/es\/hidden-nuances-engineering-retrospectives\/\"  aria-label=\"An\u00e1lisis profundo: Las sutilezas ocultas de los retrospectivos en la ingenier\u00eda moderna\"><img loading=\"lazy\" decoding=\"async\" width=\"150\" height=\"150\" src=\"https:\/\/www.diagrams-ai.com\/es\/wp-content\/uploads\/sites\/5\/2026\/03\/retrospectives-engineering-infographic-sketch-150x150.jpg\" class=\"attachment-thumbnail size-thumbnail wp-post-image\" alt=\"An\u00e1lisis profundo: Las sutilezas ocultas de los retrospectivos en la ingenier\u00eda moderna\" title=\"An\u00e1lisis profundo: Las sutilezas ocultas de los retrospectivos en la ingenier\u00eda moderna\" loading=\"lazy\" srcset=\"https:\/\/www.diagrams-ai.com\/es\/wp-content\/uploads\/sites\/5\/2026\/03\/retrospectives-engineering-infographic-sketch-150x150.jpg 150w, https:\/\/www.diagrams-ai.com\/es\/wp-content\/uploads\/sites\/5\/2026\/03\/retrospectives-engineering-infographic-sketch-700x700.jpg 700w, https:\/\/www.diagrams-ai.com\/es\/wp-content\/uploads\/sites\/5\/2026\/03\/retrospectives-engineering-infographic-sketch-300x300.jpg 300w\" sizes=\"auto, (max-width: 150px) 100vw, 150px\" \/><\/a><\/div><\/div><div class=\"title_holder\"><div class=\"fn__meta\"><p><a class=\" fn_last_category\" href=\" https:\/\/www.diagrams-ai.com\/es\/category\/agile\/\">Agile<\/a><span class=\"meta_sep\"><\/span><span class=\"meta_item meta_date\" title=\"marzo 29, 2026\">1 month ago<span class=\"meta_sep\"><\/span><\/span><\/p><\/div><h3 class=\"post_title\"><a href=\"https:\/\/www.diagrams-ai.com\/es\/hidden-nuances-engineering-retrospectives\/\">An\u00e1lisis profundo: Las sutilezas ocultas de los retrospectivos en la ingenier\u00eda moderna<\/a><\/h3><\/div><\/div><\/li><li class=\"alpha_item\"><div class=\"alpha__item\"><div class=\"img_holder\"><div class=\"item_img\"><a href=\"https:\/\/www.diagrams-ai.com\/es\/product-owner-role-agile-sdlc\/\"  aria-label=\"El papel del Propietario del Producto en un ciclo de vida de desarrollo de software \u00e1gil\"><img loading=\"lazy\" decoding=\"async\" width=\"150\" height=\"150\" src=\"https:\/\/www.diagrams-ai.com\/es\/wp-content\/uploads\/sites\/5\/2026\/03\/product-owner-agile-sdlc-infographic-hand-drawn-150x150.jpg\" class=\"attachment-thumbnail size-thumbnail wp-post-image\" alt=\"El papel del Propietario del Producto en un ciclo de vida de desarrollo de software \u00e1gil\" title=\"El papel del Propietario del Producto en un ciclo de vida de desarrollo de software \u00e1gil\" loading=\"lazy\" srcset=\"https:\/\/www.diagrams-ai.com\/es\/wp-content\/uploads\/sites\/5\/2026\/03\/product-owner-agile-sdlc-infographic-hand-drawn-150x150.jpg 150w, https:\/\/www.diagrams-ai.com\/es\/wp-content\/uploads\/sites\/5\/2026\/03\/product-owner-agile-sdlc-infographic-hand-drawn-700x700.jpg 700w, https:\/\/www.diagrams-ai.com\/es\/wp-content\/uploads\/sites\/5\/2026\/03\/product-owner-agile-sdlc-infographic-hand-drawn-300x300.jpg 300w\" sizes=\"auto, (max-width: 150px) 100vw, 150px\" \/><\/a><\/div><\/div><div class=\"title_holder\"><div class=\"fn__meta\"><p><a class=\" fn_last_category\" href=\" https:\/\/www.diagrams-ai.com\/es\/category\/agile\/\">Agile<\/a><span class=\"meta_sep\"><\/span><span class=\"meta_item meta_date\" title=\"marzo 29, 2026\">1 month ago<span class=\"meta_sep\"><\/span><\/span><\/p><\/div><h3 class=\"post_title\"><a href=\"https:\/\/www.diagrams-ai.com\/es\/product-owner-role-agile-sdlc\/\">El papel del Propietario del Producto en un ciclo de vida de desarrollo de software \u00e1gil<\/a><\/h3><\/div><\/div><\/li><li class=\"alpha_item\"><div class=\"alpha__item\"><div class=\"img_holder\"><div class=\"item_img\"><a href=\"https:\/\/www.diagrams-ai.com\/es\/5-essential-data-flow-diagram-components\/\"  aria-label=\"Los 5 componentes esenciales de cada diagrama de flujo de datos (con ejemplos)\"><img loading=\"lazy\" decoding=\"async\" width=\"150\" height=\"150\" src=\"https:\/\/www.diagrams-ai.com\/es\/wp-content\/uploads\/sites\/5\/2026\/03\/data-flow-diagram-5-components-infographic-line-art-150x150.jpg\" class=\"attachment-thumbnail size-thumbnail wp-post-image\" alt=\"Los 5 componentes esenciales de cada diagrama de flujo de datos (con ejemplos)\" title=\"Los 5 componentes esenciales de cada diagrama de flujo de datos (con ejemplos)\" loading=\"lazy\" srcset=\"https:\/\/www.diagrams-ai.com\/es\/wp-content\/uploads\/sites\/5\/2026\/03\/data-flow-diagram-5-components-infographic-line-art-150x150.jpg 150w, https:\/\/www.diagrams-ai.com\/es\/wp-content\/uploads\/sites\/5\/2026\/03\/data-flow-diagram-5-components-infographic-line-art-700x700.jpg 700w, https:\/\/www.diagrams-ai.com\/es\/wp-content\/uploads\/sites\/5\/2026\/03\/data-flow-diagram-5-components-infographic-line-art-300x300.jpg 300w\" sizes=\"auto, (max-width: 150px) 100vw, 150px\" \/><\/a><\/div><\/div><div class=\"title_holder\"><div class=\"fn__meta\"><p><a class=\" fn_last_category\" href=\" https:\/\/www.diagrams-ai.com\/es\/category\/dfd\/\">DFD<\/a><span class=\"meta_sep\"><\/span><span class=\"meta_item meta_date\" title=\"marzo 29, 2026\">1 month ago<span class=\"meta_sep\"><\/span><\/span><\/p><\/div><h3 class=\"post_title\"><a href=\"https:\/\/www.diagrams-ai.com\/es\/5-essential-data-flow-diagram-components\/\">Los 5 componentes esenciales de cada diagrama de flujo de datos (con ejemplos)<\/a><\/h3><\/div><\/div><\/li><\/ul><\/div><\/div><\/div>\t\t\t\t<\/div>\n\t\t\t\t<\/div>\n\t\t\t\t<\/div>\n\t\t\t\t\t<\/div>\n\t\t\t\t<\/div>\n\t\t\t\t<\/div>\n\t\t","protected":false},"excerpt":{"rendered":"","protected":false},"author":1,"featured_media":0,"parent":0,"menu_order":0,"comment_status":"closed","ping_status":"closed","template":"page-blog.php","meta":{"_yoast_wpseo_title":"AI Chatbot Articles & Guides | Visual Paradigm Blog","_yoast_wpseo_metadesc":"Read the latest articles on AI-powered diagramming, modeling, and business tools. Explore tips, guides, and insights from Visual Paradigm\u2019s AI Chatbot blog.","footnotes":""},"class_list":["post-1217","page","type-page","status-publish","hentry"],"yoast_head":"<!-- This site is optimized with the Yoast SEO plugin v26.1.1 - https:\/\/yoast.com\/wordpress\/plugins\/seo\/ -->\n<title>AI Chatbot Articles &amp; Guides | Visual Paradigm Blog<\/title>\n<meta name=\"description\" content=\"Read the latest articles on AI-powered diagramming, modeling, and business tools. Explore tips, guides, and insights from Visual Paradigm\u2019s AI Chatbot blog.\" \/>\n<meta name=\"robots\" content=\"index, follow, max-snippet:-1, max-image-preview:large, max-video-preview:-1\" \/>\n<link rel=\"canonical\" href=\"https:\/\/www.diagrams-ai.com\/es\/blog\/\" \/>\n<meta property=\"og:locale\" content=\"es_ES\" \/>\n<meta property=\"og:type\" content=\"article\" \/>\n<meta property=\"og:title\" content=\"AI Chatbot Articles &amp; Guides | Visual Paradigm Blog\" \/>\n<meta property=\"og:description\" content=\"Read the latest articles on AI-powered diagramming, modeling, and business tools. Explore tips, guides, and insights from Visual Paradigm\u2019s AI Chatbot blog.\" \/>\n<meta property=\"og:url\" content=\"https:\/\/www.diagrams-ai.com\/es\/blog\/\" \/>\n<meta property=\"og:site_name\" content=\"Diagrams AI Spanish\" \/>\n<meta property=\"article:modified_time\" content=\"2025-10-03T01:44:50+00:00\" \/>\n<meta name=\"twitter:card\" content=\"summary_large_image\" \/>\n<script type=\"application\/ld+json\" class=\"yoast-schema-graph\">{\"@context\":\"https:\/\/schema.org\",\"@graph\":[{\"@type\":\"WebPage\",\"@id\":\"https:\/\/www.diagrams-ai.com\/es\/blog\/\",\"url\":\"https:\/\/www.diagrams-ai.com\/es\/blog\/\",\"name\":\"AI Chatbot Articles & Guides | Visual Paradigm Blog\",\"isPartOf\":{\"@id\":\"https:\/\/www.diagrams-ai.com\/es\/#website\"},\"datePublished\":\"2025-09-29T03:07:18+00:00\",\"dateModified\":\"2025-10-03T01:44:50+00:00\",\"description\":\"Read the latest articles on AI-powered diagramming, modeling, and business tools. Explore tips, guides, and insights from Visual Paradigm\u2019s AI Chatbot blog.\",\"breadcrumb\":{\"@id\":\"https:\/\/www.diagrams-ai.com\/es\/blog\/#breadcrumb\"},\"inLanguage\":\"es\",\"potentialAction\":[{\"@type\":\"ReadAction\",\"target\":[\"https:\/\/www.diagrams-ai.com\/es\/blog\/\"]}]},{\"@type\":\"BreadcrumbList\",\"@id\":\"https:\/\/www.diagrams-ai.com\/es\/blog\/#breadcrumb\",\"itemListElement\":[{\"@type\":\"ListItem\",\"position\":1,\"name\":\"Home\",\"item\":\"https:\/\/www.diagrams-ai.com\/es\/\"},{\"@type\":\"ListItem\",\"position\":2,\"name\":\"Blog\"}]},{\"@type\":\"WebSite\",\"@id\":\"https:\/\/www.diagrams-ai.com\/es\/#website\",\"url\":\"https:\/\/www.diagrams-ai.com\/es\/\",\"name\":\"Diagrams AI Spanish\",\"description\":\"\",\"potentialAction\":[{\"@type\":\"SearchAction\",\"target\":{\"@type\":\"EntryPoint\",\"urlTemplate\":\"https:\/\/www.diagrams-ai.com\/es\/?s={search_term_string}\"},\"query-input\":{\"@type\":\"PropertyValueSpecification\",\"valueRequired\":true,\"valueName\":\"search_term_string\"}}],\"inLanguage\":\"es\"}]}<\/script>\n<!-- \/ Yoast SEO plugin. -->","yoast_head_json":{"title":"AI Chatbot Articles & Guides | Visual Paradigm Blog","description":"Read the latest articles on AI-powered diagramming, modeling, and business tools. Explore tips, guides, and insights from Visual Paradigm\u2019s AI Chatbot blog.","robots":{"index":"index","follow":"follow","max-snippet":"max-snippet:-1","max-image-preview":"max-image-preview:large","max-video-preview":"max-video-preview:-1"},"canonical":"https:\/\/www.diagrams-ai.com\/es\/blog\/","og_locale":"es_ES","og_type":"article","og_title":"AI Chatbot Articles & Guides | Visual Paradigm Blog","og_description":"Read the latest articles on AI-powered diagramming, modeling, and business tools. Explore tips, guides, and insights from Visual Paradigm\u2019s AI Chatbot blog.","og_url":"https:\/\/www.diagrams-ai.com\/es\/blog\/","og_site_name":"Diagrams AI Spanish","article_modified_time":"2025-10-03T01:44:50+00:00","twitter_card":"summary_large_image","schema":{"@context":"https:\/\/schema.org","@graph":[{"@type":"WebPage","@id":"https:\/\/www.diagrams-ai.com\/es\/blog\/","url":"https:\/\/www.diagrams-ai.com\/es\/blog\/","name":"AI Chatbot Articles & Guides | Visual Paradigm Blog","isPartOf":{"@id":"https:\/\/www.diagrams-ai.com\/es\/#website"},"datePublished":"2025-09-29T03:07:18+00:00","dateModified":"2025-10-03T01:44:50+00:00","description":"Read the latest articles on AI-powered diagramming, modeling, and business tools. Explore tips, guides, and insights from Visual Paradigm\u2019s AI Chatbot blog.","breadcrumb":{"@id":"https:\/\/www.diagrams-ai.com\/es\/blog\/#breadcrumb"},"inLanguage":"es","potentialAction":[{"@type":"ReadAction","target":["https:\/\/www.diagrams-ai.com\/es\/blog\/"]}]},{"@type":"BreadcrumbList","@id":"https:\/\/www.diagrams-ai.com\/es\/blog\/#breadcrumb","itemListElement":[{"@type":"ListItem","position":1,"name":"Home","item":"https:\/\/www.diagrams-ai.com\/es\/"},{"@type":"ListItem","position":2,"name":"Blog"}]},{"@type":"WebSite","@id":"https:\/\/www.diagrams-ai.com\/es\/#website","url":"https:\/\/www.diagrams-ai.com\/es\/","name":"Diagrams AI Spanish","description":"","potentialAction":[{"@type":"SearchAction","target":{"@type":"EntryPoint","urlTemplate":"https:\/\/www.diagrams-ai.com\/es\/?s={search_term_string}"},"query-input":{"@type":"PropertyValueSpecification","valueRequired":true,"valueName":"search_term_string"}}],"inLanguage":"es"}]}},"_links":{"self":[{"href":"https:\/\/www.diagrams-ai.com\/es\/wp-json\/wp\/v2\/pages\/1217","targetHints":{"allow":["GET"]}}],"collection":[{"href":"https:\/\/www.diagrams-ai.com\/es\/wp-json\/wp\/v2\/pages"}],"about":[{"href":"https:\/\/www.diagrams-ai.com\/es\/wp-json\/wp\/v2\/types\/page"}],"author":[{"embeddable":true,"href":"https:\/\/www.diagrams-ai.com\/es\/wp-json\/wp\/v2\/users\/1"}],"replies":[{"embeddable":true,"href":"https:\/\/www.diagrams-ai.com\/es\/wp-json\/wp\/v2\/comments?post=1217"}],"version-history":[{"count":5,"href":"https:\/\/www.diagrams-ai.com\/es\/wp-json\/wp\/v2\/pages\/1217\/revisions"}],"predecessor-version":[{"id":1230,"href":"https:\/\/www.diagrams-ai.com\/es\/wp-json\/wp\/v2\/pages\/1217\/revisions\/1230"}],"wp:attachment":[{"href":"https:\/\/www.diagrams-ai.com\/es\/wp-json\/wp\/v2\/media?parent=1217"}],"curies":[{"name":"wp","href":"https:\/\/api.w.org\/{rel}","templated":true}]}}